{"id":2162,"date":"2021-04-19T15:04:37","date_gmt":"2021-04-19T13:04:37","guid":{"rendered":"https:\/\/riks.ungoteket.se\/orientering\/?page_id=2162"},"modified":"2021-04-26T13:29:10","modified_gmt":"2021-04-26T11:29:10","slug":"ungoteket-riks-sommaren-2021","status":"publish","type":"page","link":"https:\/\/riks.ungoteket.se\/orientering\/ungoteket-riks-sommaren-2021\/","title":{"rendered":"Ungoteket Riks sommaren 2021"},"content":{"rendered":"<div class=\"flex_column av_one_full  flex_column_div av-zero-column-padding first  avia-builder-el-0  el_before_av_one_half  avia-builder-el-first  \" style='border-radius:0px; '><div   data-size='featured_large'  data-lightbox_size='large'  data-animation='slide'  data-conditional_play=''  data-ids='2116'  data-video_counter='0'  data-autoplay='false'  data-bg_slider='false'  data-slide_height=''  data-handle='av_slideshow'  data-interval='5'  data-class=' avia-builder-el-1  avia-builder-el-no-sibling  '  data-el_id=''  data-css_id=''  data-scroll_down=''  data-control_layout='av-control-default'  data-custom_markup=''  data-perma_caption='aviaTBperma_caption'  data-autoplay_stopper=''  data-image_attachment=''  data-min_height='0px'  data-lazy_loading='disabled'  data-default-height='42'  class='avia-slideshow avia-slideshow-1  av-control-default av-default-height-applied avia-slideshow-featured_large av_slideshow  avia-builder-el-1  avia-builder-el-no-sibling   avia-slide-slider '  itemprop=\"image\" itemscope=\"itemscope\" itemtype=\"https:\/\/schema.org\/ImageObject\" ><ul class='avia-slideshow-inner ' style='padding-bottom: 25.250501002%;' ><li  class=' av-single-slide slide-1 ' ><div data-rel='slideshow-1' class='avia-slide-wrap '   ><img class=\"wp-image-2116 avia-img-lazy-loading-not-2116\"  src='https:\/\/riks.ungoteket.se\/orientering\/wp-content\/uploads\/sites\/2\/2020\/04\/Banner-kartklipp-Idre.png' width='1497' height='378' title='Banner kartklipp Idre' alt=''  itemprop=\"thumbnailUrl\"   \/><\/div><\/li><\/ul><div class=\"avia-caption av-slideshow-caption\"><div class=\"avia-inner-caption\"><h2  class='avia-caption-title  '  itemprop=\"name\" >Sommaren 2021<\/h2><\/div><\/div><\/div><\/div>\n<div class=\"flex_column av_one_half  flex_column_div av-zero-column-padding first  avia-builder-el-2  el_after_av_one_full  el_before_av_one_half  column-top-margin\" style='border-radius:0px; '><p><div  style='padding-bottom:10px; ' class='av-special-heading av-special-heading-h3    avia-builder-el-3  el_before_av_textblock  avia-builder-el-first  '><h3 class='av-special-heading-tag '  itemprop=\"headline\"  >V\u00e4lkommen till Ungoteket Riks sommaren 2021!<\/h3><div class='special-heading-border'><div class='special-heading-inner-border' ><\/div><\/div><\/div><br \/>\n<section class=\"av_textblock_section \"  itemscope=\"itemscope\" itemtype=\"https:\/\/schema.org\/CreativeWork\" ><div class='avia_textblock  '   itemprop=\"text\" ><p>Sommaren 2021 bjuder vi in till Ungoteket Riks som en del i U25-camp som \u00e4r SOFTs nya l\u00e4ger f\u00f6r \u00e5ldersgruppen 17-25 \u00e5r. L\u00e4gret arrangeras p\u00e5 Idre Fj\u00e4ll mellan 27 juni &#8211; 2 juli.<\/p>\n<p>Under m\u00e5nga \u00e5r har SOFT bjudit in ungdomar 13-16 \u00e5r till Riksl\u00e4gret f\u00f6r att tr\u00e4na och umg\u00e5s med andra orienterare ungdomar. Riksl\u00e4gret har varit mycket uppskattat av dem som deltagit och m\u00e5nga har velat ha n\u00e5got liknande att se fram emot som juniorer.<\/p>\n<p>\u00c5r 2021 blir andra \u00e5ret som SOFT bjuder in till ett liknande l\u00e4ger inte bara f\u00f6r juniorer utan \u00e4ven f\u00f6r yngre seniorer (f\u00f6rsta \u00e5ret tvingades vi st\u00e4lla in pga Covid-19). Vi har skapat ett uppl\u00e4gg som b\u00f6r kunna passa alla i \u00e5lder 17-25 \u00e5r.\u00a0\u00a0Det erbjuds \u00f6vergripande tv\u00e5 sp\u00e5r som vi d\u00f6pt till <em>Tr\u00e4ning<\/em>\u00a0respektive\u00a0<em>Utbildning<\/em>, det senare \u00e4r allts\u00e5 ett nytt uppl\u00e4gg av <a href=\"https:\/\/riks.ungoteket.se\/\">Ungoteket Riks<\/a>. Detta andra \u00e5r erbjuder vi tv\u00e5 inriktningar p\u00e5 utbildning; <a href=\"https:\/\/riks.ungoteket.se\/orientering\/inriktningar\/\">banl\u00e4ggning<\/a> och <a href=\"https:\/\/riks.ungoteket.se\/orientering\/inriktningar\/\">kartritning<\/a>.<\/p>\n<p>Deltagarna v\u00e4ljer sp\u00e5r och kombinerar det med andra aktiviteter, tr\u00e4ning och\/eller mer tr\u00e4ning. I \u00e5r g\u00e5r det inte att kombinera med t\u00e4vlingar under Idrefj\u00e4llveckan men Idrefj\u00e4llens OK erbjuder Emittr\u00e4ningar med tidtagning. Vill du tr\u00e4ningst\u00e4vla kan du allts\u00e5 k\u00f6pa n\u00e5got av deras tr\u00e4ningspaket med tidtagning. Varje kv\u00e4ll erbjuds det n\u00e5gon form av aktivitet att samlas kring f\u00f6r dem som vill. Vi har satt ihop ett program f\u00f6r b\u00e5de umg\u00e4nge och chans till individutveckling inom orientering.<\/p>\n<p>I inbjudan finner du utf\u00f6rlig information om l\u00e4gret. Det finns tv\u00e5 versioner av inbjudan; en i folderformat som l\u00e4mpar sig f\u00f6r utskrift och marknadsf\u00f6ring (passar f\u00f6r f\u00f6reningen att ge till sina medlemmar i \u00e5ldern 17-25 \u00e5r), en annan i l\u00f6ptextformat utan bilder som l\u00e4mpar sig v\u00e4l att l\u00e4sas i mobil eller p\u00e5 surfplatta.<\/p>\n<p>\u00c4r du intresserad av att bli <a href=\"https:\/\/riks.ungoteket.se\/orientering\/inriktningar\/\">banl\u00e4ggare<\/a> eller <a href=\"https:\/\/riks.ungoteket.se\/orientering\/inriktningar\/\">kartritare<\/a> ja d\u00e5 ska du anm\u00e4la dig direkt f\u00f6r att s\u00e4kra din plats p\u00e5 Ungoteket Riks. Anm\u00e4lan hittar du i <a href=\"https:\/\/eventor.orientering.se\/Activities\/Show\/13575\">Eventor<\/a> och den \u00e4r \u00f6ppen fram till och med <strong>16<\/strong><strong>\u00a0maj 2021<\/strong>. OBS! Senarelagt datum j\u00e4mf\u00f6rt med ursprunglig inbjudan. Inbjudan l\u00e4nkar \u00e4ven till anm\u00e4lan.<\/p>\n<p>Beskrivning av hur Ungoteket Riks \u00e4r upplagt finner du p\u00e5 sidan <a href=\"https:\/\/riks.ungoteket.se\/orientering\/om-ungoteket\/\">Om Ungoteket<\/a>.<\/p>\n<p><em data-rich-text-format-boundary=\"true\">Trots det r\u00e5dande samh\u00e4llsl\u00e4get med anledning av Covid-19 fortg\u00e5r f\u00f6rberedelserna f\u00f6r det h\u00e4r l\u00e4gret. Med anledning av Coronaviruset kommer vi besluta senast den 17 maj huruvida detta arrangemang \u00e4r genomf\u00f6rbart eller inte. Om det st\u00e4lls in stryks alla anm\u00e4lningar och inga avgifter tas ut.<\/em><\/p>\n<\/div><\/section><\/p><\/div>\n<div class=\"flex_column av_one_half  flex_column_div av-zero-column-padding   avia-builder-el-5  el_after_av_one_half  avia-builder-el-last  column-top-margin\" style='border-radius:0px; '><p><div  style='padding-bottom:10px; ' class='av-special-heading av-special-heading-h5    avia-builder-el-6  el_before_av_image  avia-builder-el-first  '><h5 class='av-special-heading-tag '  itemprop=\"headline\"  >Inbjudan som folder f\u00f6r nerladdning och utskrift.<\/h5><div class='special-heading-border'><div class='special-heading-inner-border' ><\/div><\/div><\/div><br \/>\n<div  class='avia-image-container  av-styling-    avia-builder-el-7  el_after_av_heading  el_before_av_heading  avia-align-center '  itemprop=\"image\" itemscope=\"itemscope\" itemtype=\"https:\/\/schema.org\/ImageObject\"  ><div class='avia-image-container-inner'><div class='avia-image-overlay-wrap'><a href='https:\/\/riks.ungoteket.se\/orientering\/wp-content\/uploads\/sites\/2\/2021\/04\/Inbjudan_U25-camp_2021_folder-1.pdf' class='avia_image'   target=\"_blank\"  rel=\"noopener noreferrer\"><img class='wp-image-2164 avia-img-lazy-loading-not-2164 avia_image' src='https:\/\/riks.ungoteket.se\/orientering\/wp-content\/uploads\/sites\/2\/2021\/04\/Inbjudan_u25-camp-2021-213x300.png' alt='' title='Inbjudan_u25-camp 2021'  itemprop=\"thumbnailUrl\"  \/><\/a><\/div><\/div><\/div><br \/>\n<div  style='padding-bottom:10px; ' class='av-special-heading av-special-heading-h5    avia-builder-el-8  el_after_av_image  el_before_av_image  '><h5 class='av-special-heading-tag '  itemprop=\"headline\"  >Inbjudan som A4 f\u00f6r nerladdning och utskrift.<\/h5><div class='special-heading-border'><div class='special-heading-inner-border' ><\/div><\/div><\/div><br \/>\n<div  class='avia-image-container  av-styling-    avia-builder-el-9  el_after_av_heading  avia-builder-el-last  avia-align-center '  itemprop=\"image\" itemscope=\"itemscope\" itemtype=\"https:\/\/schema.org\/ImageObject\"  ><div class='avia-image-container-inner'><div class='avia-image-overlay-wrap'><a href='https:\/\/riks.ungoteket.se\/orientering\/wp-content\/uploads\/sites\/2\/2021\/04\/Inbjudan_U25-camp_2021_gul-1.pdf' class='avia_image'   target=\"_blank\"  rel=\"noopener noreferrer\"><img class='wp-image-2172 avia-img-lazy-loading-not-2172 avia_image' src='https:\/\/riks.ungoteket.se\/orientering\/wp-content\/uploads\/sites\/2\/2021\/04\/U25-inbjudan-gul-2021-1-212x300.png' alt='L\u00e4nk till U25-camp inbjudan gul 2021' title='U25 inbjudan gul 2021'  itemprop=\"thumbnailUrl\"  \/><\/a><\/div><\/div><\/div><\/p><\/div>\n","protected":false},"excerpt":{"rendered":"","protected":false},"author":1,"featured_media":0,"parent":0,"menu_order":0,"comment_status":"closed","ping_status":"closed","template":"","meta":{"footnotes":""},"_links":{"self":[{"href":"https:\/\/riks.ungoteket.se\/orientering\/wp-json\/wp\/v2\/pages\/2162"}],"collection":[{"href":"https:\/\/riks.ungoteket.se\/orientering\/wp-json\/wp\/v2\/pages"}],"about":[{"href":"https:\/\/riks.ungoteket.se\/orientering\/wp-json\/wp\/v2\/types\/page"}],"author":[{"embeddable":true,"href":"https:\/\/riks.ungoteket.se\/orientering\/wp-json\/wp\/v2\/users\/1"}],"replies":[{"embeddable":true,"href":"https:\/\/riks.ungoteket.se\/orientering\/wp-json\/wp\/v2\/comments?post=2162"}],"version-history":[{"count":9,"href":"https:\/\/riks.ungoteket.se\/orientering\/wp-json\/wp\/v2\/pages\/2162\/revisions"}],"predecessor-version":[{"id":2189,"href":"https:\/\/riks.ungoteket.se\/orientering\/wp-json\/wp\/v2\/pages\/2162\/revisions\/2189"}],"wp:attachment":[{"href":"https:\/\/riks.ungoteket.se\/orientering\/wp-json\/wp\/v2\/media?parent=2162"}],"curies":[{"name":"wp","href":"https:\/\/api.w.org\/{rel}","templated":true}]}}