{"id":1794,"date":"2018-11-19T16:39:11","date_gmt":"2018-11-19T15:39:11","guid":{"rendered":"https:\/\/riks.ungoteket.se\/orientering\/?page_id=1794"},"modified":"2022-04-05T12:15:51","modified_gmt":"2022-04-05T10:15:51","slug":"inbjudan","status":"publish","type":"page","link":"https:\/\/riks.ungoteket.se\/orientering\/inbjudan\/","title":{"rendered":"Inbjudan"},"content":{"rendered":"<div class=\"flex_column av_one_full  flex_column_div av-zero-column-padding first  avia-builder-el-0  el_before_av_one_half  avia-builder-el-first  \" style='border-radius:0px; '><div   data-size='featured_large'  data-lightbox_size='large'  data-animation='slide'  data-conditional_play=''  data-ids='1635'  data-video_counter='0'  data-autoplay='false'  data-bg_slider='false'  data-slide_height=''  data-handle='av_slideshow'  data-interval='5'  data-class=' avia-builder-el-1  avia-builder-el-no-sibling  '  data-el_id=''  data-css_id=''  data-scroll_down=''  data-control_layout='av-control-default'  data-custom_markup=''  data-perma_caption='aviaTBperma_caption'  data-autoplay_stopper=''  data-image_attachment=''  data-min_height='0px'  data-lazy_loading='disabled'  data-default-height='42'  class='avia-slideshow avia-slideshow-1  av-control-default av-default-height-applied avia-slideshow-featured_large av_slideshow  avia-builder-el-1  avia-builder-el-no-sibling   avia-slide-slider '  itemprop=\"image\" itemscope=\"itemscope\" itemtype=\"https:\/\/schema.org\/ImageObject\" ><ul class='avia-slideshow-inner ' style='padding-bottom: 42%;' ><li  class=' av-single-slide slide-1 ' ><div data-rel='slideshow-1' class='avia-slide-wrap '   ><img class=\"wp-image-1635 avia-img-lazy-loading-not-1635\"  src='https:\/\/riks.ungoteket.se\/orientering\/wp-content\/uploads\/sites\/2\/2018\/07\/\u00d6vre-motiv-beachflaggan-1500x630.jpg' width='1500' height='630' title='\u00d6vre motiv beachflaggan' alt=''  itemprop=\"thumbnailUrl\"   \/><\/div><\/li><\/ul><div class=\"avia-caption av-slideshow-caption\"><div class=\"avia-inner-caption\"><h2  class='avia-caption-title  '  itemprop=\"name\" >Inbjudan<\/h2><\/div><\/div><\/div><\/div>\n<div class=\"flex_column av_one_half  flex_column_div av-zero-column-padding first  avia-builder-el-2  el_after_av_one_full  el_before_av_one_half  column-top-margin\" style='border-radius:0px; '><p><div  style='padding-bottom:10px; ' class='av-special-heading av-special-heading-h3    avia-builder-el-3  el_before_av_textblock  avia-builder-el-first  '><h3 class='av-special-heading-tag '  itemprop=\"headline\"  >Hitta din kursomg\u00e5ng!<\/h3><div class='special-heading-border'><div class='special-heading-inner-border' ><\/div><\/div><\/div><br \/>\n<section class=\"av_textblock_section \"  itemscope=\"itemscope\" itemtype=\"https:\/\/schema.org\/CreativeWork\" ><div class='avia_textblock  '   itemprop=\"text\" ><p>Ungoteket Riks har fem olika inriktningar och m\u00e5ls\u00e4ttningen \u00e4r att p\u00e5 sikt erbjuda samtliga inriktningar varje \u00e5r. Vi genomf\u00f6r Ungoteket under U25-camp med tv\u00e5 till tre inriktningar parallellt och l\u00e4gger upp sidor med inbjudan f\u00f6r respektive tillf\u00e4lle allt eftersom. P\u00e5 respektive kursomg\u00e5ngs sida finner du inbjudan. Till h\u00f6ger kan du se planerade och genomf\u00f6rda tillf\u00e4llen.<\/p>\n<\/div><\/section><\/p><\/div><div class=\"flex_column av_one_half  flex_column_div av-zero-column-padding   avia-builder-el-5  el_after_av_one_half  avia-builder-el-last  column-top-margin\" style='border-radius:0px; '><p><article  class=\"iconbox iconbox_left_content    avia-builder-el-6  el_before_av_icon_box  avia-builder-el-first  \"  itemscope=\"itemscope\" itemtype=\"https:\/\/schema.org\/CreativeWork\" ><div class=\"iconbox_icon heading-color\" aria-hidden='true' data-av_icon='\ue800' data-av_iconfont='fontello'  style='border:1px solid #ffdd00; color:#ffdd00; ' ><\/div><div class=\"iconbox_content\"><header class=\"entry-content-header\"><h3 class='iconbox_content_title  '  itemprop=\"headline\"  ><a href='https:\/\/riks.ungoteket.se\/orientering\/ungoteket-riks-sommaren-2022\/' title='Ungoteket Riks sommaren 2022'  >Ungoteket Riks sommaren 2022<\/a><\/h3><\/header><div class='iconbox_content_container  '  itemprop=\"text\"  ><p>Inriktningar som erbjuds \u00e4r: Banl\u00e4ggning, Kartritning samt Ledarskap och barntr\u00e4ning.<\/p>\n<\/div><\/div><footer class=\"entry-footer\"><\/footer><\/article><br \/>\n<article  class=\"iconbox iconbox_left_content    avia-builder-el-7  el_after_av_icon_box  el_before_av_icon_box  \"  itemscope=\"itemscope\" itemtype=\"https:\/\/schema.org\/CreativeWork\" ><div class=\"iconbox_icon heading-color\" aria-hidden='true' data-av_icon='\ue800' data-av_iconfont='fontello'  style='border:1px solid #003a6a; color:#003a6a; ' ><\/div><div class=\"iconbox_content\"><header class=\"entry-content-header\"><h3 class='iconbox_content_title  '  itemprop=\"headline\"  ><a href='https:\/\/riks.ungoteket.se\/orientering\/ungoteket-riks-sommaren-2021\/' title='Ungoteket Riks sommaren 2021 (genomf\u00f6rd)'  >Ungoteket Riks sommaren 2021 (genomf\u00f6rd)<\/a><\/h3><\/header><div class='iconbox_content_container  '  itemprop=\"text\"  ><p>Inriktningar som erbj\u00f6ds var: Banl\u00e4ggning och Kartritning.<\/p>\n<\/div><\/div><footer class=\"entry-footer\"><\/footer><\/article><br \/>\n<article  class=\"iconbox iconbox_left_content    avia-builder-el-8  el_after_av_icon_box  avia-builder-el-last  \"  itemscope=\"itemscope\" itemtype=\"https:\/\/schema.org\/CreativeWork\" ><div class=\"iconbox_icon heading-color\" aria-hidden='true' data-av_icon='\ue800' data-av_iconfont='fontello'  style='border:1px solid #003a6a; color:#003a6a; ' ><\/div><div class=\"iconbox_content\"><header class=\"entry-content-header\"><h3 class='iconbox_content_title  '  itemprop=\"headline\"  ><a href='https:\/\/riks.ungoteket.se\/orientering\/riks-sommaren-2020\/' title='Ungoteket Riks sommaren 2020 - inst\u00e4llt'  >Ungoteket Riks sommaren 2020 - inst\u00e4llt<\/a><\/h3><\/header><div class='iconbox_content_container  '  itemprop=\"text\"  ><p>Inriktningar som erbj\u00f6ds var: Banl\u00e4ggning och Kartritning.<\/p>\n<\/div><\/div><footer class=\"entry-footer\"><\/footer><\/article><\/p><\/div><\/p>\n","protected":false},"excerpt":{"rendered":"","protected":false},"author":1,"featured_media":0,"parent":0,"menu_order":0,"comment_status":"closed","ping_status":"closed","template":"","meta":{"footnotes":""},"_links":{"self":[{"href":"https:\/\/riks.ungoteket.se\/orientering\/wp-json\/wp\/v2\/pages\/1794"}],"collection":[{"href":"https:\/\/riks.ungoteket.se\/orientering\/wp-json\/wp\/v2\/pages"}],"about":[{"href":"https:\/\/riks.ungoteket.se\/orientering\/wp-json\/wp\/v2\/types\/page"}],"author":[{"embeddable":true,"href":"https:\/\/riks.ungoteket.se\/orientering\/wp-json\/wp\/v2\/users\/1"}],"replies":[{"embeddable":true,"href":"https:\/\/riks.ungoteket.se\/orientering\/wp-json\/wp\/v2\/comments?post=1794"}],"version-history":[{"count":14,"href":"https:\/\/riks.ungoteket.se\/orientering\/wp-json\/wp\/v2\/pages\/1794\/revisions"}],"predecessor-version":[{"id":2213,"href":"https:\/\/riks.ungoteket.se\/orientering\/wp-json\/wp\/v2\/pages\/1794\/revisions\/2213"}],"wp:attachment":[{"href":"https:\/\/riks.ungoteket.se\/orientering\/wp-json\/wp\/v2\/media?parent=1794"}],"curies":[{"name":"wp","href":"https:\/\/api.w.org\/{rel}","templated":true}]}}